{"id":532,"date":"2023-05-09T09:32:40","date_gmt":"2023-05-09T09:32:40","guid":{"rendered":"https:\/\/www.canna.biz\/cookies\/"},"modified":"2023-11-07T11:56:05","modified_gmt":"2023-11-07T11:56:05","slug":"cookies","status":"publish","type":"page","link":"https:\/\/www.canna.biz\/pt-pt\/cookies\/","title":{"rendered":"Cookies"},"content":{"rendered":"<p>O que s\u00e3o os cookies?<\/p>\n<p>Os cookies s\u00e3o pequenos ficheiros de texto que s\u00e3o armazenados no dispositivo a partir do qual o Visitante acede a um s\u00edtio na Internet, mais concretamente, a partir do navegador utilizado para o efeito, e que recolhem informa\u00e7\u00e3o relativa \u00e0 navega\u00e7\u00e3o do Visitante nesse s\u00edtio.<\/p>\n<p>Estes ficheiros ajudam o s\u00edtio a memorizar informa\u00e7\u00e3o sobre a visita efetuada e a facilitar a pr\u00f3xima visita do Visitante: conservando as a\u00e7\u00f5es e prefer\u00eancias do Visitante durante um determinado per\u00edodo, conservando ou reconhecendo o nome de utilizador, a l\u00edngua em que pretende navegar no s\u00edtio ou outras defini\u00e7\u00f5es.<\/p>\n<p>Que informa\u00e7\u00e3o \u00e9 recolhida pelos cookies?<\/p>\n<p>Os cookies e outras tecnologias semelhantes recolhem:<\/p>\n<p>informa\u00e7\u00e3o sobre tr\u00e1fego e localiza\u00e7\u00e3o, tal como o endere\u00e7o IP (Internet Protocol Address) do Visitante, a localiza\u00e7\u00e3o captada por um Sistema de Posicionamento Global (ou sistema GPS), pontos de acesso WI-FI e antenas de redes m\u00f3veis abrangidas pelo dispositivo que utiliza;<br \/>\ninforma\u00e7\u00e3o sobre o dispositivo, detetando, por exemplo, o sistema operativo e o navegador utilizados, a data e a dura\u00e7\u00e3o da visita ao s\u00edtio e a identifica\u00e7\u00e3o de outros s\u00edtios visitados;<br \/>\ninforma\u00e7\u00e3o relativa ao comportamento do Visitante, tal como o n\u00famero de cliques efetuados e as p\u00e1ginas mais visitadas.<\/p>\n<p>Os cookies podem ser classificados de acordo com v\u00e1rios crit\u00e9rios. Tendo em conta a finalidade, os cookies podem ter as seguintes tipologias:<\/p>\n<p>Cookies estritamente necess\u00e1rios \u2013 quando s\u00e3o necess\u00e1rios para garantir o funcionamento do s\u00edtio na Internet e \/ ou para garantir a disponibiliza\u00e7\u00e3o de funcionalidades que s\u00e3o solicitadas pelo Visitante, ou para guardar as prefer\u00eancias deste relativamente \u00e0 navega\u00e7\u00e3o no mesmo, sempre que o Visitante utilize o mesmo dispositivo e assim o solicite.<br \/>\nCookies anal\u00edticos \u2013 s\u00e3o de natureza acess\u00f3ria e recolhem informa\u00e7\u00e3o estat\u00edstica para ajudar os propriet\u00e1rios dos s\u00edtios na Internet a analisar a respetiva utiliza\u00e7\u00e3o e a compreender melhor o envolvimento dos visitantes nos s\u00edtios.<br \/>\nCookies de personaliza\u00e7\u00e3o \u2013 s\u00e3o de natureza acess\u00f3ria para melhorar o desempenho do s\u00edtio na Internet e s\u00e3o utilizados para personalizar a experi\u00eancia de navega\u00e7\u00e3o do Visitante.<br \/>\nCookies de publicidade \u2013 s\u00e3o de natureza acess\u00f3ria e visam tornar a publicidade mais atrativa para o Visitante e para os anunciantes, selecionando a publicidade com base no que \u00e9 relevante para o Visitante, a fim de melhorar os relat\u00f3rios sobre o desempenho da campanha e evitar mostrar an\u00fancios que o Visitante j\u00e1 viu ou assinalou como n\u00e3o relevantes.<\/p>\n<p>Tendo em conta a dura\u00e7\u00e3o dos cookies, estes podem ter as seguintes tipologias:<\/p>\n<p>i. Cookies de sess\u00e3o \u2013 s\u00e3o de natureza tempor\u00e1ria, sendo eliminados do ficheiro de cookies aquando ou depois do fecho do navegador ou da aplica\u00e7\u00e3o utilizada para aceder aos Canais Digitais. Com este tipo de cookies, \u00e9 poss\u00edvel, por exemplo, analisar padr\u00f5es de tr\u00e1fego na Internet,<br \/>\npermitindo a identifica\u00e7\u00e3o de problemas, a garantia da seguran\u00e7a e a oferta de uma experi\u00eancia de navega\u00e7\u00e3o<br \/>\notimizada.<br \/>\nII. Cookies permanentes \u2013 ao contr\u00e1rio dos cookies de sess\u00e3o, estes n\u00e3o s\u00e3o eliminados aquando do fecho do<br \/>\nnavegador ou da aplica\u00e7\u00e3o, permanecendo armazenados nos dispositivos do Visitante. S\u00e3o utilizados sempre que se efetua uma nova visita ao s\u00edtio na Internet, permitindo, por exemplo, personalizar a experi\u00eancia de navega\u00e7\u00e3o de acordo com os interesses do Visitante e prestar um servi\u00e7o mais individualizado.<\/p>\n<p>Tendo em conta a entidade que coloca os cookies, estes podem ser classificados das seguintes formas:<\/p>\n<p>Cookies pr\u00f3prios \u2013 s\u00e3o enviados para o dispositivo do Visitante por equipamentos ou dom\u00ednios geridos pela CANNA.BIZ, LDA., a partir dos quais \u00e9 prestado o servi\u00e7o solicitado pelo Visitante.<br \/>\nCookies de terceiros \u2013 s\u00e3o enviados para o dispositivo do Visitante a partir de um equipamento ou dom\u00ednio gerido por um terceiro sobre o qual a CANNA.BIZ, LDA. n\u00e3o tem nenhum controlo. Nestes casos, o terceiro poder\u00e1 tratar os dados recolhidos pelos cookies, incluindo transferi-los para fora do Espa\u00e7o Econ\u00f3mico Europeu (EEE), e a CANNA.BIZ, LDA. poder\u00e1 n\u00e3o conseguir configurar o respetivo funcionamento nem impedir a transfer\u00eancia dos dados recolhidos pelos cookies.<\/p>\n<p>Nos casos em que os cookies de determinadas categorias possam implicar a transfer\u00eancia de dados para pa\u00edses fora do EEE, importa notar que alguns destes pa\u00edses n\u00e3o disp\u00f5em de uma decis\u00e3o de adequa\u00e7\u00e3o da Comiss\u00e3o Europeia e poder\u00e3o n\u00e3o oferecer um n\u00edvel de prote\u00e7\u00e3o dos dados equivalente ao da Uni\u00e3o Europeia. Para mais informa\u00e7\u00e3o sobre a transfer\u00eancia dos dados do Visitante resultante da utiliza\u00e7\u00e3o destes cookies, consulte a nossa Pol\u00edtica de Privacidade.<\/p>\n<p>A utiliza\u00e7\u00e3o dos cookies deve ser aceite?<br \/>\nO s\u00edtio na Internet n\u00e3o pode funcionar sem os cookies estritamente necess\u00e1rios. Quanto aos outros tipos de cookies, a escolha cabe ao Visitante. De acordo com a legisla\u00e7\u00e3o em vigor, os Canais Digitais s\u00f3 podem utilizar cookies com o consentimento pr\u00e9vio e expresso do Visitante, exceto se a coloca\u00e7\u00e3o de determinados cookies for estritamente necess\u00e1ria para prestar o servi\u00e7o expressamente solicitado pelo Visitante ou para permitir o acesso a uma determinada funcionalidade dos Canais Digitais<\/p>\n<p>Como gerir as prefer\u00eancias de cookies?<br \/>\nEm qualquer momento, o Visitante pode alterar ou revogar o respetivo consentimento na Declara\u00e7\u00e3o de Cookies no s\u00edtio na Internet.<\/p>\n<p>Saiba mais sobre a CANNA.BIZ, LDA., como nos pode contactar e como tratamos os dados pessoais na nossa Pol\u00edtica de Privacidade.<\/p>\n<p>Queira fornecer o seu ID e a data de consentimento quando nos contactar a respeito do seu consentimento.<\/p>\n","protected":false},"excerpt":{"rendered":"<p>O que s\u00e3o os cookies? Os cookies s\u00e3o pequenos ficheiros de texto que s\u00e3o armazenados no dispositivo a partir do qual o Visitante acede a um s\u00edtio na Internet, mais concretamente, a partir do navegador utilizado para o efeito, e que recolhem informa\u00e7\u00e3o relativa \u00e0 navega\u00e7\u00e3o do Visitante nesse s\u00edtio. Estes ficheiros ajudam o s\u00edtio [&hellip;]<\/p>\n","protected":false},"author":1,"featured_media":0,"parent":0,"menu_order":0,"comment_status":"closed","ping_status":"closed","template":"","meta":{"_acf_changed":false,"inline_featured_image":false,"footnotes":""},"class_list":["post-532","page","type-page","status-publish","hentry"],"acf":[],"aioseo_notices":[],"_links":{"self":[{"href":"https:\/\/www.canna.biz\/pt-pt\/wp-json\/wp\/v2\/pages\/532","targetHints":{"allow":["GET"]}}],"collection":[{"href":"https:\/\/www.canna.biz\/pt-pt\/wp-json\/wp\/v2\/pages"}],"about":[{"href":"https:\/\/www.canna.biz\/pt-pt\/wp-json\/wp\/v2\/types\/page"}],"author":[{"embeddable":true,"href":"https:\/\/www.canna.biz\/pt-pt\/wp-json\/wp\/v2\/users\/1"}],"replies":[{"embeddable":true,"href":"https:\/\/www.canna.biz\/pt-pt\/wp-json\/wp\/v2\/comments?post=532"}],"version-history":[{"count":0,"href":"https:\/\/www.canna.biz\/pt-pt\/wp-json\/wp\/v2\/pages\/532\/revisions"}],"wp:attachment":[{"href":"https:\/\/www.canna.biz\/pt-pt\/wp-json\/wp\/v2\/media?parent=532"}],"curies":[{"name":"wp","href":"https:\/\/api.w.org\/{rel}","templated":true}]}}