{"id":512,"date":"2023-01-10T03:29:23","date_gmt":"2023-01-10T03:29:23","guid":{"rendered":"https:\/\/www.canna.biz\/privacy-policy\/"},"modified":"2023-11-06T09:57:44","modified_gmt":"2023-11-06T09:57:44","slug":"privacy-policy","status":"publish","type":"page","link":"https:\/\/www.canna.biz\/de\/privacy-policy\/","title":{"rendered":"Datenschutzrichtlinie"},"content":{"rendered":"<p>CANNA.BIZ, LTD. respektiert die Vorschriften zum Schutz der Privatsph\u00e4re und der personenbezogenen Daten der Besucher der Website.<\/p>\n<p>1. Zweck<br \/>Unsere Datenschutzrichtlinie regelt den Umgang mit allen personenbezogenen Daten, die uns beim Zugriff auf die Website und deren Nutzung zur Verf\u00fcgung gestellt werden.<br \/>Sie regelt ferner die Verwendung von Cookies und trifft verschiedene Sicherheitsma\u00dfnahmen zum Schutz der Privatsph\u00e4re der Besucher.<\/p>\n<p>2. Personenbezogene Daten<br \/>Personenbezogene Daten sind alle Informationen, die sich auf eine bestimmte oder bestimmbare nat\u00fcrliche Person beziehen. Als bestimmbar wird eine nat\u00fcrliche Person angesehen, die direkt oder indirekt identifiziert werden kann, insbesondere durch Zuordnung zu einer Kennung wie einem Namen, zu einer Kennnummer, zu Standortdaten, zu elektronischen Kennungen oder zu einem oder mehreren besonderen Merkmalen, die Ausdruck der physischen, physiologischen, genetischen, psychischen, wirtschaftlichen, kulturellen oder sozialen Identit\u00e4t dieser nat\u00fcrlichen Person sind;<\/p>\n<p>2.1 Erhobene personenbezogene Daten und Verwendungszweck<br \/>CANNA.BIZ, LDA kann Informationen \u00fcber den Besucher sammeln, wenn er \/ sie eines der auf der Website verf\u00fcgbaren Formulare ausf\u00fcllt, insbesondere Name und E-Mail-Adresse. Diese Informationen sollen dazu dienen, die Anfragen zu analysieren und sie effizient zu verwalten.<\/p>\n<p>CANNA.BIZ, LDA kann die gesammelten Informationen zur \u00dcberwachung der Nutzung unserer Dienste und zur Entwicklung und Verbesserung der Website verwenden,<br \/>wie z. B. gesammelte Informationen statistischer Art,<br \/>die auf das f\u00fcr diesen Zweck notwendige Minimum beschr\u00e4nkt sind und anonymisiert werden.<\/p>\n<p>2.2 Rechtm\u00e4\u00dfigkeit der Verarbeitung<br \/>Die Verarbeitung personenbezogener Daten f\u00fcr den Versand von Mitteilungen h\u00e4ngt von der ausdr\u00fccklichen Zustimmung der Besucher ab, die die Rechtsgrundlage f\u00fcr die Verarbeitung personenbezogener Daten ist (Art. 6, Absatz 1, Punkt b der EU-DSGVO). Die Besucher k\u00f6nnen ihre Zustimmung jederzeit widerrufen und ihre Registrierung l\u00f6schen, indem sie sich an CANNA.BIZ, LDA wenden, ohne dass dies jedoch die schon erfolgte Verarbeitung ihrer Daten ber\u00fchrt.<\/p>\n<p>Personenbezogene Daten dienen ausschlie\u00dflich dem Zweck der Durchf\u00fchrung des Vertragsverh\u00e4ltnisses (Artikel 6 Absatz 1 Buchstabe b] der EU-DSGVO).<\/p>\n<p>2.3 Empf\u00e4nger von personenbezogenen Daten<br \/>CANNA.BIZ , LDA gibt Ihre personenbezogenen Daten nicht an Dritte weiter, au\u00dfer in den gesetzlich vorgesehenen F\u00e4llen oder wenn sich dies f\u00fcr die Erbringung der von Ihnen vertraglich vereinbarten Leistungen oder f\u00fcr die Erf\u00fcllung gesetzlicher Verpflichtungen, denen CANNA.BIZ, LDA unterliegt, als erforderlich erweist.<br \/>CANNA.BIZ, LDA kann die personenbezogenen Daten der Besucher an Unternehmen weitergeben, die mit der Erbringung von Dienstleistungen beauftragt sind und einen oder mehrere der oben genannten Zwecke umfassen, sowie mit der Betreuung der Website, wobei diese Unternehmen die Daten nur auf Anweisung von CANNA. BIZ, LDA und gem\u00e4\u00df den Bedingungen der abgeschlossenen Untervergabevertr\u00e4ge verarbeiten;<br \/>In den F\u00e4llen, in denen die \u00dcbermittlung personenbezogener Daten mit einer internationalen \u00dcbermittlung personenbezogener Daten (d. h. au\u00dferhalb der Europ\u00e4ischen Union) verbunden ist, gew\u00e4hrleistet CANNA.BIZ, LDA., dass ein Angemessenheitsbeschluss der Europ\u00e4ischen Kommission vorliegt oder dass angemessene gesetzlich vorgesehene Garantien bestehen, wie z. B. der Abschluss von Standardvertragsklauseln f\u00fcr die \u00dcbermittlung personenbezogener Daten (in \u00dcbereinstimmung mit Artikel 46 der EU-DSGVO). Bei der \u00dcbermittlung von Daten an Drittl\u00e4nder oder internationale Organisationen auf der Grundlage angemessener Garantien ergreift CANNA.BIZ, LDA zus\u00e4tzliche Ma\u00dfnahmen, um sicherzustellen, dass personenbezogene Daten ein Schutzniveau genie\u00dfen, das im Wesentlichen dem in der Europ\u00e4ischen Union bestehenden gleichwertig ist, dass diese Daten\u00fcbermittlungen unter strikter Einhaltung der gesetzlichen Bestimmungen erfolgen und dass angemessene Garantien zur Gew\u00e4hrleistung des Schutzes personenbezogener Daten gegeben sind.<\/p>\n<p>3. Rechte der Besucher<br \/>3.1 Zugang zu Informationen<br \/>Auf Anfrage kann der Besucher eine Best\u00e4tigung dar\u00fcber erhalten, ob seine personenbezogenen Daten von CANNA.BIZ, LDA verarbeitet werden.<br \/>Der Besucher kann ferner auf seine personenbezogenen Daten zugreifen und die folgenden Informationen abrufen:<br \/>i) Gr\u00fcnde f\u00fcr die Verarbeitung Ihrer personenbezogenen Daten;<br \/>ii) Arten von personenbezogenen Daten, die verarbeitet werden;<br \/>iii) Stellen, an die Ihre personenbezogenen Daten \u00fcbermittelt werden k\u00f6nnen, einschlie\u00dflich Stellen in<br \/>L\u00e4ndern au\u00dferhalb der Europ\u00e4ischen Union oder internationalen Organisationen.<br \/>In diesem Fall werden Sie \u00fcber die Garantien informiert, die f\u00fcr die \u00dcbermittlung Ihrer Daten gelten;<br \/>iv) Aufbewahrungsfrist f\u00fcr Ihre Daten oder, falls dies nicht m\u00f6glich ist, die Kriterien f\u00fcr die Festlegung dieser<br \/>Frist;<br \/>v) Rechte, die Sie im Zusammenhang mit der Verarbeitung Ihrer personenbezogenen Daten haben;<br \/>vi) Wenn die personenbezogenen Daten nicht von Ihnen bereitgestellt wurden, Informationen \u00fcber ihre Herkunft;<br \/>vii) Das Vorhandensein automatisierter Einzelentscheidungen, einschlie\u00dflich Profiling, und, falls dies der Fall ist,<br \/>Informationen \u00fcber die Gr\u00fcnde, die einer solchen Verarbeitung zugrunde liegen, sowie \u00fcber ihre Bedeutung und die voraussichtlichen Folgen.<\/p>\n<p>3.2 Recht auf Berichtigung<br \/>Der Besucher ist berechtigt, unrichtige personenbezogene Daten berichtigen zu lassen und kann fordern, dass unvollst\u00e4ndige personenbezogene Daten vervollst\u00e4ndigt werden.<\/p>\n<p>3.3 Recht auf L\u00f6schung von Daten<br \/>Der Besucher kann die L\u00f6schung seiner personenbezogenen Daten fordern, wenn eine der folgenden Bedingungen erf\u00fcllt ist:<br \/>i) Die personenbezogenen Daten sind f\u00fcr den Zweck, zu dem sie erhoben oder verarbeitet wurden, nicht mehr erforderlich;<br \/>ii) Die Einwilligung, auf die sich die Datenverarbeitung st\u00fctzt, wird widerrufen und es gibt keine andere Rechtsgrundlage f\u00fcr sie;<br \/>iii) Wiedersetzung gegen die Datenverarbeitung, wenn kein \u00fcberwiegendes berechtigtes Interesse, das von Fall zu Fall zu bewerten ist, die Verarbeitung der Daten rechtfertigt;<br \/>iv) Wenn personenbezogene Daten aufgrund einer rechtlichen Verpflichtung, der CANNA.BIZ, LDA unterliegt, gel\u00f6scht werden m\u00fcssen; oder<br \/>v) die personenbezogenen Daten wurden im Rahmen der Bereitstellung von Diensten einer Informationsgesellschaft erhoben.<\/p>\n<p>Das Recht auf L\u00f6schung von Daten gilt nicht, soweit personenbezogene Daten f\u00fcr die folgenden Zwecke erforderlich sind:<\/p>\n<p>i) Aus\u00fcbung des Rechts auf freie Meinungs\u00e4u\u00dferung und Informationsfreiheit;<br \/>ii) Erf\u00fcllung einer gesetzlichen Verpflichtung, die eine Verarbeitung erfordert und f\u00fcr<br \/>CANNA.BIZ, LDA relevant ist;<br \/>iii) Gr\u00fcnde des \u00f6ffentlichen Interesses im Bereich der \u00f6ffentlichen Gesundheit;<br \/>iv) Archivzwecke von \u00f6ffentlichem Interesse, wissenschaftliche oder historische Forschungszwecke oder statistische Zwecke,<br \/>sofern die Aus\u00fcbung des Rechts auf L\u00f6schung die Erreichung<br \/>der mit dieser Behandlung verfolgten Zwecke ernsthaft beeintr\u00e4chtigt; oder<br \/>v) Erkl\u00e4rung, Aus\u00fcbung oder Verteidigung eines Rechts in einem rechtlichen Verfahren.<\/p>\n<p>3.4 Recht auf Einschr\u00e4nkung der Verarbeitung<br \/>Der Besucher ist berechtigt, CANNA.BIZ, LDA um die Einschr\u00e4nkung der Verarbeitung der ihn betreffenden personenbezogenen Daten zu ersuchen:<\/p>\n<p>i) wenn Sie die Richtigkeit Ihrer personenbezogenen Daten bestreiten, f\u00fcr einen Zeitraum, der es CANNA.BIZ, LDA . erm\u00f6glicht, die Richtigkeit zu \u00fcberpr\u00fcfen;<br \/>ii) wenn CANNA.BIZ, LDA. die personenbezogenen Daten f\u00fcr die Zwecke der Verarbeitung nicht mehr ben\u00f6tigt, diese Daten aber zur Geltendmachung, Aus\u00fcbung oder Verteidigung von Rechtsanspr\u00fcchen in einem rechtlichen Verfahren erforderlich sind; oder<br \/>iii) wenn Sie der Verarbeitung widersprochen haben, bis festgestellt wird, dass die berechtigten Interessen von CANNA.BIZ, LDA. Vorrang vor den Ihren haben, wenn Sie die Richtigkeit der Daten bestreiten und aus diesem Grund die Richtigkeit \u00fcberpr\u00fcft wird,<br \/>iv) wenn Sie die Daten nicht mehr ben\u00f6tigen, obwohl sie f\u00fcr die Begr\u00fcndung, Aus\u00fcbung oder Verteidigung eines Rechts in einem rechtlichen Verfahren erforderlich sind,<\/p>\n<p>3.5 Recht auf Daten\u00fcbertragbarkeit<br \/>Der Besucher ist berechtigt, die jeweiligen personenbezogenen Daten in einem strukturierten, allgemein gebr\u00e4uchlichen und maschinenlesbaren Format zu erhalten, und hat das Recht, diese Daten ohne Einschr\u00e4nkungen an einen anderen Verantwortlichen zu \u00fcbermitteln, sofern die Verarbeitung auf der Grundlage der erteilten Einwilligung oder eines Vertrags erfolgt und die Verarbeitung mit automatisierten Mitteln durchgef\u00fchrt wird.<\/p>\n<p>3.6 Recht auf Widerruf<br \/>Soweit die Verarbeitung Ihrer personenbezogenen Daten auf Ihrer Einwilligung beruht, sind Sie jederzeit berechtigt, Ihre Einwilligung zu widerrufen.<\/p>\n<p>3.7 Allgemeines und Recht auf Einreichung einer Beschwerde<br \/>Die Aus\u00fcbung der vorgenannten Rechte ist f\u00fcr den Besucher stets kostenlos. Der Besucher ist berechtigt, eine Beschwerde direkt bei der zust\u00e4ndigen Aufsichtsbeh\u00f6rde sowie beim Datenschutzbeauftragten von CANNA.BIZ, LDA. einzureichen.<\/p>\n<p>4. Sicherheitsma\u00dfnahmen<br \/>Die CANNA.BIZ, LDA. bem\u00fcht sich nach besten Kr\u00e4ften, die personenbezogenen Daten der Besucher vor Missbrauch und unberechtigtem Zugriff \u00fcber das Internet zu sch\u00fctzen. Zu diesem Zweck werden Sicherungssysteme, Regeln und andere Verfahren eingesetzt, um den Schutz personenbezogener Daten zu gew\u00e4hrleisten und den unbefugten Zugriff auf die Daten, deren missbr\u00e4uchliche Verwendung, Weitergabe, Verlust oder Zerst\u00f6rung zu verhindern.<br \/>Es liegt jedoch in der Verantwortung des Besuchers, daf\u00fcr zu sorgen, dass das Ger\u00e4t, mit dem er auf die Website zugreift, ausreichend gegen Schadsoftware und Computerviren gesch\u00fctzt ist.<\/p>\n<p>5. Cookies<br \/>Diese Website verwendet Cookies. F\u00fcr weitere Informationen lesen Sie unsere Cookie-Richtlinie.<\/p>\n<p>6. F\u00fcr die Verarbeitung Verantwortlicher und Datenschutzbeauftragter<br \/>Als Verantwortlicher f\u00fcr die Verarbeitung personenbezogener Daten im Rahmen dieser Richtlinie kann CANNA.BIZ, LDA. unter folgender Anschrift kontaktiert werden:<\/p>\n<p>CANNA.BIZ, LDA.<br \/>Quinta Shopping, Office 107, Quinta do Lago<br \/>8135-106 Almancil<br \/>Portugal<br \/>E-Mail: data@canna.biz<\/p>\n<p>CANNA.BIZ, LDA. hat einen Datenschutzbeauftragten f\u00fcr unser Unternehmen bestellt, den Sie unter folgender Anschrift erreichen k\u00f6nnen:<\/p>\n<p>CANNA.BIZ, LDA.<br \/>Quinta Shopping, Office 107, Quinta do Lago<br \/>8135 106 Almancil<br \/>Portugal<br \/>E-Mail: data@canna.biz<\/p>\n<p>7. Zustimmung<\/p>\n<p>Durch die Nutzung dieser Website stimmt der Besucher der Erfassung und Verwendung seiner Daten gem\u00e4\u00df dieser Datenschutzrichtlinie zu, so als h\u00e4tte er diese Vereinbarung unterzeichnet.<br \/>Wenn wir unsere Datenschutzrichtlinie in irgendeiner Weise \u00e4ndern, werden diese \u00c4nderungen auf dieser Website ver\u00f6ffentlicht.<\/p>\n","protected":false},"excerpt":{"rendered":"<p>CANNA.BIZ, LTD. respektiert die Vorschriften zum Schutz der Privatsph\u00e4re und der personenbezogenen Daten der Besucher der Website. 1. ZweckUnsere Datenschutzrichtlinie regelt den Umgang mit allen personenbezogenen Daten, die uns beim Zugriff auf die Website und deren Nutzung zur Verf\u00fcgung gestellt werden.Sie regelt ferner die Verwendung von Cookies und trifft verschiedene Sicherheitsma\u00dfnahmen zum Schutz der Privatsph\u00e4re [&hellip;]<\/p>\n","protected":false},"author":1,"featured_media":0,"parent":0,"menu_order":0,"comment_status":"closed","ping_status":"open","template":"","meta":{"_acf_changed":false,"inline_featured_image":false,"footnotes":""},"class_list":["post-512","page","type-page","status-publish","hentry"],"acf":[],"aioseo_notices":[],"_links":{"self":[{"href":"https:\/\/www.canna.biz\/de\/wp-json\/wp\/v2\/pages\/512","targetHints":{"allow":["GET"]}}],"collection":[{"href":"https:\/\/www.canna.biz\/de\/wp-json\/wp\/v2\/pages"}],"about":[{"href":"https:\/\/www.canna.biz\/de\/wp-json\/wp\/v2\/types\/page"}],"author":[{"embeddable":true,"href":"https:\/\/www.canna.biz\/de\/wp-json\/wp\/v2\/users\/1"}],"replies":[{"embeddable":true,"href":"https:\/\/www.canna.biz\/de\/wp-json\/wp\/v2\/comments?post=512"}],"version-history":[{"count":0,"href":"https:\/\/www.canna.biz\/de\/wp-json\/wp\/v2\/pages\/512\/revisions"}],"wp:attachment":[{"href":"https:\/\/www.canna.biz\/de\/wp-json\/wp\/v2\/media?parent=512"}],"curies":[{"name":"wp","href":"https:\/\/api.w.org\/{rel}","templated":true}]}}